{"id":20639,"date":"2024-09-20T21:40:08","date_gmt":"2024-09-20T19:40:08","guid":{"rendered":"https:\/\/www.movementtribe.ch\/notre-equipe\/"},"modified":"2024-10-10T00:03:58","modified_gmt":"2024-10-09T22:03:58","slug":"notre-equipe","status":"publish","type":"page","link":"https:\/\/www.movementtribe.ch\/en\/notre-equipe\/","title":{"rendered":"Our team"},"content":{"rendered":"\t\t<div data-elementor-type=\"wp-page\" data-elementor-id=\"20639\" class=\"elementor elementor-20639\" data-elementor-post-type=\"page\">\n\t\t\t\t<div class=\"elementor-element elementor-element-f844458 e-con-full e-flex e-con e-parent\" data-id=\"f844458\" data-element_type=\"container\">\n\t\t\t\t<div class=\"elementor-element elementor-element-87e505b elementor-widget elementor-widget-heading\" data-id=\"87e505b\" data-element_type=\"widget\" data-widget_type=\"heading.default\">\n\t\t\t\t<div class=\"elementor-widget-container\">\n\t\t\t\t\t<h1 class=\"elementor-heading-title elementor-size-default\">Our team<\/h1>\t\t\t\t<\/div>\n\t\t\t\t<\/div>\n\t\t\t\t<\/div>\n\t\t<div class=\"elementor-element elementor-element-049607b e-con-full e-flex e-con e-parent\" data-id=\"049607b\" data-element_type=\"container\">\n\t\t<div class=\"elementor-element elementor-element-0ca6b55 e-con-full e-flex e-con e-child\" data-id=\"0ca6b55\" data-element_type=\"container\">\n\t\t<div class=\"elementor-element elementor-element-084a680 e-con-full e-flex e-con e-child\" data-id=\"084a680\" data-element_type=\"container\" data-settings=\"{&quot;background_background&quot;:&quot;classic&quot;}\">\n\t\t\t\t<\/div>\n\t\t<div class=\"elementor-element elementor-element-47e6328 e-con-full e-flex e-con e-child\" data-id=\"47e6328\" data-element_type=\"container\">\n\t\t<div class=\"elementor-element elementor-element-4a2c580 e-con-full e-flex e-con e-child\" data-id=\"4a2c580\" data-element_type=\"container\">\n\t\t\t\t<div class=\"elementor-element elementor-element-9624f13 elementor-widget elementor-widget-heading\" data-id=\"9624f13\" data-element_type=\"widget\" data-widget_type=\"heading.default\">\n\t\t\t\t<div class=\"elementor-widget-container\">\n\t\t\t\t\t<h2 class=\"elementor-heading-title elementor-size-default\">Otto<\/h2>\t\t\t\t<\/div>\n\t\t\t\t<\/div>\n\t\t\t\t<div class=\"elementor-element elementor-element-e4bfe67 elementor-widget elementor-widget-heading\" data-id=\"e4bfe67\" data-element_type=\"widget\" data-widget_type=\"heading.default\">\n\t\t\t\t<div class=\"elementor-widget-container\">\n\t\t\t\t\t<h2 class=\"elementor-heading-title elementor-size-default\">Barney<\/h2>\t\t\t\t<\/div>\n\t\t\t\t<\/div>\n\t\t\t\t<\/div>\n\t\t<div class=\"elementor-element elementor-element-5d6d225 e-con-full e-flex e-con e-child\" data-id=\"5d6d225\" data-element_type=\"container\">\n\t\t\t\t<div class=\"elementor-element elementor-element-6616a5b elementor-widget elementor-widget-text-editor\" data-id=\"6616a5b\" data-element_type=\"widget\" data-widget_type=\"text-editor.default\">\n\t\t\t\t<div class=\"elementor-widget-container\">\n\t\t\t\t\t\t\t\t\t<p>My passion for movement came through artistic and aerobic gymnastics which I practiced for several years. A taste for sport led me to fitness training, particularly Pilates, and I made it my profession.<\/p><p>\u00a0 \u00a0 \u00a0In 2014 I discovered Movement through online coaching with Ido Portal, and I deepened my knowledge of its method through several Movement Camps.<\/p><p>\u00a0 \u00a0 \u00a0His approach inspired me to expand my knowledge. Indeed, during my lessons, I often meet students with various pathologies. By seeking to help them in a complementary way, I discovered the Rolfing\u00ae structural integration method, and I became a therapist.<\/p><p>\u00a0 \u00a0 \u00a0My professional goal is to combine the holistic approach of Rolfing with the benefits of Movement to help my students give the best of themselves.<\/p>\t\t\t\t\t\t\t\t<\/div>\n\t\t\t\t<\/div>\n\t\t\t\t<\/div>\n\t\t\t\t<\/div>\n\t\t\t\t<\/div>\n\t\t<div class=\"elementor-element elementor-element-46752ef e-con-full e-flex e-con e-child\" data-id=\"46752ef\" data-element_type=\"container\">\n\t\t\t\t<\/div>\n\t\t\t\t<\/div>\n\t\t<div class=\"elementor-element elementor-element-81dce40 e-con-full e-flex e-con e-parent\" data-id=\"81dce40\" data-element_type=\"container\" data-settings=\"{&quot;background_background&quot;:&quot;classic&quot;}\">\n\t\t<div class=\"elementor-element elementor-element-0c3977d e-con-full e-flex e-con e-child\" data-id=\"0c3977d\" data-element_type=\"container\">\n\t\t<div class=\"elementor-element elementor-element-a15e025 e-con-full e-flex e-con e-child\" data-id=\"a15e025\" data-element_type=\"container\" data-settings=\"{&quot;background_background&quot;:&quot;classic&quot;}\">\n\t\t\t\t<\/div>\n\t\t<div class=\"elementor-element elementor-element-caf6c4c e-con-full e-flex e-con e-child\" data-id=\"caf6c4c\" data-element_type=\"container\">\n\t\t<div class=\"elementor-element elementor-element-dca6876 e-con-full e-flex e-con e-child\" data-id=\"dca6876\" data-element_type=\"container\">\n\t\t\t\t<div class=\"elementor-element elementor-element-1da8641 elementor-widget elementor-widget-heading\" data-id=\"1da8641\" data-element_type=\"widget\" data-widget_type=\"heading.default\">\n\t\t\t\t<div class=\"elementor-widget-container\">\n\t\t\t\t\t<h2 class=\"elementor-heading-title elementor-size-default\">Maxime<\/h2>\t\t\t\t<\/div>\n\t\t\t\t<\/div>\n\t\t\t\t<div class=\"elementor-element elementor-element-1fdfa9b elementor-widget elementor-widget-heading\" data-id=\"1fdfa9b\" data-element_type=\"widget\" data-widget_type=\"heading.default\">\n\t\t\t\t<div class=\"elementor-widget-container\">\n\t\t\t\t\t<h2 class=\"elementor-heading-title elementor-size-default\">Sprauel<\/h2>\t\t\t\t<\/div>\n\t\t\t\t<\/div>\n\t\t\t\t<\/div>\n\t\t<div class=\"elementor-element elementor-element-6c2a5ad e-con-full e-flex e-con e-child\" data-id=\"6c2a5ad\" data-element_type=\"container\">\n\t\t\t\t<div class=\"elementor-element elementor-element-87de1de elementor-widget elementor-widget-text-editor\" data-id=\"87de1de\" data-element_type=\"widget\" data-widget_type=\"text-editor.default\">\n\t\t\t\t<div class=\"elementor-widget-container\">\n\t\t\t\t\t\t\t\t\t<p>Having practiced a wide range of sports since a very young age, such as American football, gymnastics or even capoeira to name just three, it was obvious to revolve my life around physical preparation and sports practice.<\/p><p>\u00a0 \u00a0 \u00a0A graduate of the State Certificate of Sports Educator, I became passionate about Movement in 2012 and since then I have continued to study and train with the best coaches in the field across the globe. With 8 years of experience as a Movement coach, my life project is to transmit my knowledge, my experience and my passion to my students.<\/p>\t\t\t\t\t\t\t\t<\/div>\n\t\t\t\t<\/div>\n\t\t\t\t<\/div>\n\t\t\t\t<\/div>\n\t\t\t\t<\/div>\n\t\t<div class=\"elementor-element elementor-element-3392cbb e-con-full e-flex e-con e-child\" data-id=\"3392cbb\" data-element_type=\"container\">\n\t\t\t\t<\/div>\n\t\t\t\t<\/div>\n\t\t<div class=\"elementor-element elementor-element-2fcbcef e-con-full e-flex e-con e-parent\" data-id=\"2fcbcef\" data-element_type=\"container\" data-settings=\"{&quot;background_background&quot;:&quot;classic&quot;}\">\n\t\t<div class=\"elementor-element elementor-element-150a533 e-con-full e-flex e-con e-child\" data-id=\"150a533\" data-element_type=\"container\">\n\t\t<div class=\"elementor-element elementor-element-6c3dcca e-con-full e-flex e-con e-child\" data-id=\"6c3dcca\" data-element_type=\"container\" data-settings=\"{&quot;background_background&quot;:&quot;classic&quot;}\">\n\t\t\t\t<\/div>\n\t\t<div class=\"elementor-element elementor-element-a863f3a e-con-full e-flex e-con e-child\" data-id=\"a863f3a\" data-element_type=\"container\">\n\t\t<div class=\"elementor-element elementor-element-6aecfd5 e-con-full e-flex e-con e-child\" data-id=\"6aecfd5\" data-element_type=\"container\">\n\t\t\t\t<div class=\"elementor-element elementor-element-eeade85 elementor-widget elementor-widget-heading\" data-id=\"eeade85\" data-element_type=\"widget\" data-widget_type=\"heading.default\">\n\t\t\t\t<div class=\"elementor-widget-container\">\n\t\t\t\t\t<h2 class=\"elementor-heading-title elementor-size-default\">S\u00e9bastien<\/h2>\t\t\t\t<\/div>\n\t\t\t\t<\/div>\n\t\t\t\t<div class=\"elementor-element elementor-element-9c018a3 elementor-widget elementor-widget-heading\" data-id=\"9c018a3\" data-element_type=\"widget\" data-widget_type=\"heading.default\">\n\t\t\t\t<div class=\"elementor-widget-container\">\n\t\t\t\t\t<h2 class=\"elementor-heading-title elementor-size-default\">Gex<\/h2>\t\t\t\t<\/div>\n\t\t\t\t<\/div>\n\t\t\t\t<\/div>\n\t\t<div class=\"elementor-element elementor-element-0a6936f e-con-full e-flex e-con e-child\" data-id=\"0a6936f\" data-element_type=\"container\">\n\t\t\t\t<div class=\"elementor-element elementor-element-9cbe9c1 elementor-widget elementor-widget-text-editor\" data-id=\"9cbe9c1\" data-element_type=\"widget\" data-widget_type=\"text-editor.default\">\n\t\t\t\t<div class=\"elementor-widget-container\">\n\t\t\t\t\t\t\t\t\t<p>My passion for physical preparation was born from more than a decade spent in the world of professional football.<\/p><p>\u00a0 \u00a0 \u00a0My specialty lies in Calisthenics, a discipline that mixes strength, mobility, and balance exercises all using only the weight of one&#8217;s own body.<\/p><p>\u00a0 \u00a0 \u00a0Over the years, my knowledge has deepened, and my curiosity about movement has continued to grow. My goal is to guide students on the path to well-being by providing the knowledge, skills and support necessary to achieve their goals.<\/p>\t\t\t\t\t\t\t\t<\/div>\n\t\t\t\t<\/div>\n\t\t\t\t<\/div>\n\t\t\t\t<\/div>\n\t\t\t\t<\/div>\n\t\t<div class=\"elementor-element elementor-element-99cc9e1 e-con-full e-flex e-con e-child\" data-id=\"99cc9e1\" data-element_type=\"container\">\n\t\t\t\t<\/div>\n\t\t\t\t<\/div>\n\t\t<div class=\"elementor-element elementor-element-621d4e7 e-con-full e-flex e-con e-parent\" data-id=\"621d4e7\" data-element_type=\"container\" data-settings=\"{&quot;background_background&quot;:&quot;classic&quot;}\">\n\t\t<div class=\"elementor-element elementor-element-24be093 e-con-full e-flex e-con e-child\" data-id=\"24be093\" data-element_type=\"container\">\n\t\t<div class=\"elementor-element elementor-element-024ae48 e-con-full e-flex e-con e-child\" data-id=\"024ae48\" data-element_type=\"container\" data-settings=\"{&quot;background_background&quot;:&quot;classic&quot;}\">\n\t\t\t\t<\/div>\n\t\t<div class=\"elementor-element elementor-element-6ed23e9 e-con-full e-flex e-con e-child\" data-id=\"6ed23e9\" data-element_type=\"container\">\n\t\t<div class=\"elementor-element elementor-element-0d26b8c e-con-full e-flex e-con e-child\" data-id=\"0d26b8c\" data-element_type=\"container\">\n\t\t\t\t<div class=\"elementor-element elementor-element-11491ee elementor-widget elementor-widget-heading\" data-id=\"11491ee\" data-element_type=\"widget\" data-widget_type=\"heading.default\">\n\t\t\t\t<div class=\"elementor-widget-container\">\n\t\t\t\t\t<h2 class=\"elementor-heading-title elementor-size-default\">Andr\u00e9<\/h2>\t\t\t\t<\/div>\n\t\t\t\t<\/div>\n\t\t\t\t<div class=\"elementor-element elementor-element-a9f2736 elementor-widget elementor-widget-heading\" data-id=\"a9f2736\" data-element_type=\"widget\" data-widget_type=\"heading.default\">\n\t\t\t\t<div class=\"elementor-widget-container\">\n\t\t\t\t\t<h2 class=\"elementor-heading-title elementor-size-default\">Serafin<\/h2>\t\t\t\t<\/div>\n\t\t\t\t<\/div>\n\t\t\t\t<\/div>\n\t\t<div class=\"elementor-element elementor-element-5ebb73c e-con-full e-flex e-con e-child\" data-id=\"5ebb73c\" data-element_type=\"container\">\n\t\t\t\t<div class=\"elementor-element elementor-element-611ec92 elementor-widget elementor-widget-text-editor\" data-id=\"611ec92\" data-element_type=\"widget\" data-widget_type=\"text-editor.default\">\n\t\t\t\t<div class=\"elementor-widget-container\">\n\t\t\t\t\t\t\t\t\t<p>My athletic journey began at a very young age. Having actively played at various levels and competitions in basketball, football and volleyball, to name a few, has provided me with a solid foundation for my future as an athlete.<\/p><p>\u00a0 \u00a0 \u00a0Coming out of university, competitive and team sports were replaced by the gym where in 2012, I met Maxime Sprauel, who helped me discover and embrace the wonderful practice of movement.<\/p><p>\u00a0 \u00a0 \u00a0I am also proud to be a member and one of the founders of the first Movement studio in Geneva. Although I am not an instructor, I bring professional expertise and experience in the field of accounting and business administration.<\/p>\t\t\t\t\t\t\t\t<\/div>\n\t\t\t\t<\/div>\n\t\t\t\t<\/div>\n\t\t\t\t<\/div>\n\t\t\t\t<\/div>\n\t\t<div class=\"elementor-element elementor-element-79bb468 e-con-full e-flex e-con e-child\" data-id=\"79bb468\" data-element_type=\"container\">\n\t\t\t\t<\/div>\n\t\t\t\t<\/div>\n\t\t\t\t<\/div>\n\t\t","protected":false},"excerpt":{"rendered":"<p>Our team Otto Barney My passion for movement came through artistic and aerobic gymnastics which I practiced for several years. A taste for sport led me to fitness training, particularly Pilates, and I made it my profession. \u00a0 \u00a0 \u00a0In 2014 I discovered Movement through online coaching with Ido Portal, and I deepened my knowledge [&hellip;]<\/p>\n","protected":false},"author":181,"featured_media":0,"parent":0,"menu_order":0,"comment_status":"closed","ping_status":"closed","template":"elementor_header_footer","meta":{"_acf_changed":false,"footnotes":""},"class_list":["post-20639","page","type-page","status-publish","hentry"],"acf":[],"yoast_head":"<!-- This site is optimized with the Yoast SEO plugin v25.7 - https:\/\/yoast.com\/wordpress\/plugins\/seo\/ -->\n<title>Our team - MOVEMENT TRIBE GENEVA<\/title>\n<meta name=\"robots\" content=\"index, follow, max-snippet:-1, max-image-preview:large, max-video-preview:-1\" \/>\n<link rel=\"canonical\" href=\"https:\/\/www.movementtribe.ch\/en\/notre-equipe\/\" \/>\n<meta property=\"og:locale\" content=\"en_US\" \/>\n<meta property=\"og:type\" content=\"article\" \/>\n<meta property=\"og:title\" content=\"Our team - MOVEMENT TRIBE GENEVA\" \/>\n<meta property=\"og:description\" content=\"Our team Otto Barney My passion for movement came through artistic and aerobic gymnastics which I practiced for several years. A taste for sport led me to fitness training, particularly Pilates, and I made it my profession. \u00a0 \u00a0 \u00a0In 2014 I discovered Movement through online coaching with Ido Portal, and I deepened my knowledge [&hellip;]\" \/>\n<meta property=\"og:url\" content=\"https:\/\/www.movementtribe.ch\/en\/notre-equipe\/\" \/>\n<meta property=\"og:site_name\" content=\"MOVEMENT TRIBE GENEVA\" \/>\n<meta property=\"article:modified_time\" content=\"2024-10-09T22:03:58+00:00\" \/>\n<meta name=\"twitter:card\" content=\"summary_large_image\" \/>\n<meta name=\"twitter:label1\" content=\"Est. reading time\" \/>\n\t<meta name=\"twitter:data1\" content=\"3 minutes\" \/>\n<script type=\"application\/ld+json\" class=\"yoast-schema-graph\">{\"@context\":\"https:\/\/schema.org\",\"@graph\":[{\"@type\":\"WebPage\",\"@id\":\"https:\/\/www.movementtribe.ch\/en\/notre-equipe\/\",\"url\":\"https:\/\/www.movementtribe.ch\/en\/notre-equipe\/\",\"name\":\"Our team - MOVEMENT TRIBE GENEVA\",\"isPartOf\":{\"@id\":\"https:\/\/www.movementtribe.ch\/#website\"},\"datePublished\":\"2024-09-20T19:40:08+00:00\",\"dateModified\":\"2024-10-09T22:03:58+00:00\",\"breadcrumb\":{\"@id\":\"https:\/\/www.movementtribe.ch\/en\/notre-equipe\/#breadcrumb\"},\"inLanguage\":\"en-US\",\"potentialAction\":[{\"@type\":\"ReadAction\",\"target\":[\"https:\/\/www.movementtribe.ch\/en\/notre-equipe\/\"]}]},{\"@type\":\"BreadcrumbList\",\"@id\":\"https:\/\/www.movementtribe.ch\/en\/notre-equipe\/#breadcrumb\",\"itemListElement\":[{\"@type\":\"ListItem\",\"position\":1,\"name\":\"Home\",\"item\":\"https:\/\/www.movementtribe.ch\/\"},{\"@type\":\"ListItem\",\"position\":2,\"name\":\"Our team\"}]},{\"@type\":\"WebSite\",\"@id\":\"https:\/\/www.movementtribe.ch\/#website\",\"url\":\"https:\/\/www.movementtribe.ch\/\",\"name\":\"MOVEMENT TRIBE GENEVA\",\"description\":\"Movement Tribe Geneva propose des cours de gymnastique, handstand, mobilit\u00e9, floorwork, old school training et seniors. D\u00e9veloppez force, souplesse et libert\u00e9 de mouvement dans un cadre motivant \u00e0 Gen\u00e8ve.\",\"publisher\":{\"@id\":\"https:\/\/www.movementtribe.ch\/#organization\"},\"potentialAction\":[{\"@type\":\"SearchAction\",\"target\":{\"@type\":\"EntryPoint\",\"urlTemplate\":\"https:\/\/www.movementtribe.ch\/?s={search_term_string}\"},\"query-input\":{\"@type\":\"PropertyValueSpecification\",\"valueRequired\":true,\"valueName\":\"search_term_string\"}}],\"inLanguage\":\"en-US\"},{\"@type\":\"Organization\",\"@id\":\"https:\/\/www.movementtribe.ch\/#organization\",\"name\":\"MOVEMENT TRIBE GENEVA\",\"url\":\"https:\/\/www.movementtribe.ch\/\",\"logo\":{\"@type\":\"ImageObject\",\"inLanguage\":\"en-US\",\"@id\":\"https:\/\/www.movementtribe.ch\/#\/schema\/logo\/image\/\",\"url\":\"https:\/\/www.movementtribe.ch\/wp-content\/uploads\/2025\/08\/LOGO.webp\",\"contentUrl\":\"https:\/\/www.movementtribe.ch\/wp-content\/uploads\/2025\/08\/LOGO.webp\",\"width\":678,\"height\":678,\"caption\":\"MOVEMENT TRIBE GENEVA\"},\"image\":{\"@id\":\"https:\/\/www.movementtribe.ch\/#\/schema\/logo\/image\/\"}}]}<\/script>\n<!-- \/ Yoast SEO plugin. -->","yoast_head_json":{"title":"Our team - MOVEMENT TRIBE GENEVA","robots":{"index":"index","follow":"follow","max-snippet":"max-snippet:-1","max-image-preview":"max-image-preview:large","max-video-preview":"max-video-preview:-1"},"canonical":"https:\/\/www.movementtribe.ch\/en\/notre-equipe\/","og_locale":"en_US","og_type":"article","og_title":"Our team - MOVEMENT TRIBE GENEVA","og_description":"Our team Otto Barney My passion for movement came through artistic and aerobic gymnastics which I practiced for several years. A taste for sport led me to fitness training, particularly Pilates, and I made it my profession. \u00a0 \u00a0 \u00a0In 2014 I discovered Movement through online coaching with Ido Portal, and I deepened my knowledge [&hellip;]","og_url":"https:\/\/www.movementtribe.ch\/en\/notre-equipe\/","og_site_name":"MOVEMENT TRIBE GENEVA","article_modified_time":"2024-10-09T22:03:58+00:00","twitter_card":"summary_large_image","twitter_misc":{"Est. reading time":"3 minutes"},"schema":{"@context":"https:\/\/schema.org","@graph":[{"@type":"WebPage","@id":"https:\/\/www.movementtribe.ch\/en\/notre-equipe\/","url":"https:\/\/www.movementtribe.ch\/en\/notre-equipe\/","name":"Our team - MOVEMENT TRIBE GENEVA","isPartOf":{"@id":"https:\/\/www.movementtribe.ch\/#website"},"datePublished":"2024-09-20T19:40:08+00:00","dateModified":"2024-10-09T22:03:58+00:00","breadcrumb":{"@id":"https:\/\/www.movementtribe.ch\/en\/notre-equipe\/#breadcrumb"},"inLanguage":"en-US","potentialAction":[{"@type":"ReadAction","target":["https:\/\/www.movementtribe.ch\/en\/notre-equipe\/"]}]},{"@type":"BreadcrumbList","@id":"https:\/\/www.movementtribe.ch\/en\/notre-equipe\/#breadcrumb","itemListElement":[{"@type":"ListItem","position":1,"name":"Home","item":"https:\/\/www.movementtribe.ch\/"},{"@type":"ListItem","position":2,"name":"Our team"}]},{"@type":"WebSite","@id":"https:\/\/www.movementtribe.ch\/#website","url":"https:\/\/www.movementtribe.ch\/","name":"MOVEMENT TRIBE GENEVA","description":"Movement Tribe Geneva propose des cours de gymnastique, handstand, mobilit\u00e9, floorwork, old school training et seniors. D\u00e9veloppez force, souplesse et libert\u00e9 de mouvement dans un cadre motivant \u00e0 Gen\u00e8ve.","publisher":{"@id":"https:\/\/www.movementtribe.ch\/#organization"},"potentialAction":[{"@type":"SearchAction","target":{"@type":"EntryPoint","urlTemplate":"https:\/\/www.movementtribe.ch\/?s={search_term_string}"},"query-input":{"@type":"PropertyValueSpecification","valueRequired":true,"valueName":"search_term_string"}}],"inLanguage":"en-US"},{"@type":"Organization","@id":"https:\/\/www.movementtribe.ch\/#organization","name":"MOVEMENT TRIBE GENEVA","url":"https:\/\/www.movementtribe.ch\/","logo":{"@type":"ImageObject","inLanguage":"en-US","@id":"https:\/\/www.movementtribe.ch\/#\/schema\/logo\/image\/","url":"https:\/\/www.movementtribe.ch\/wp-content\/uploads\/2025\/08\/LOGO.webp","contentUrl":"https:\/\/www.movementtribe.ch\/wp-content\/uploads\/2025\/08\/LOGO.webp","width":678,"height":678,"caption":"MOVEMENT TRIBE GENEVA"},"image":{"@id":"https:\/\/www.movementtribe.ch\/#\/schema\/logo\/image\/"}}]}},"_links":{"self":[{"href":"https:\/\/www.movementtribe.ch\/en\/wp-json\/wp\/v2\/pages\/20639","targetHints":{"allow":["GET"]}}],"collection":[{"href":"https:\/\/www.movementtribe.ch\/en\/wp-json\/wp\/v2\/pages"}],"about":[{"href":"https:\/\/www.movementtribe.ch\/en\/wp-json\/wp\/v2\/types\/page"}],"author":[{"embeddable":true,"href":"https:\/\/www.movementtribe.ch\/en\/wp-json\/wp\/v2\/users\/181"}],"replies":[{"embeddable":true,"href":"https:\/\/www.movementtribe.ch\/en\/wp-json\/wp\/v2\/comments?post=20639"}],"version-history":[{"count":12,"href":"https:\/\/www.movementtribe.ch\/en\/wp-json\/wp\/v2\/pages\/20639\/revisions"}],"predecessor-version":[{"id":21165,"href":"https:\/\/www.movementtribe.ch\/en\/wp-json\/wp\/v2\/pages\/20639\/revisions\/21165"}],"wp:attachment":[{"href":"https:\/\/www.movementtribe.ch\/en\/wp-json\/wp\/v2\/media?parent=20639"}],"curies":[{"name":"wp","href":"https:\/\/api.w.org\/{rel}","templated":true}]}}