{"id":19892,"date":"2024-09-11T16:51:32","date_gmt":"2024-09-11T14:51:32","guid":{"rendered":"https:\/\/www.movementtribe.ch\/terms-and-conditions\/"},"modified":"2024-09-11T16:53:26","modified_gmt":"2024-09-11T14:53:26","slug":"terms-and-conditions","status":"publish","type":"page","link":"https:\/\/www.movementtribe.ch\/en\/terms-and-conditions\/","title":{"rendered":"Terms and Conditions"},"content":{"rendered":"\t\t<div data-elementor-type=\"wp-page\" data-elementor-id=\"19892\" class=\"elementor elementor-19892\" data-elementor-post-type=\"page\">\n\t\t\t\t<div class=\"elementor-element elementor-element-7100f82 e-con-full e-flex e-con e-parent\" data-id=\"7100f82\" data-element_type=\"container\">\n\t\t<div class=\"elementor-element elementor-element-1e38372 e-con-full e-flex e-con e-child\" data-id=\"1e38372\" data-element_type=\"container\">\n\t\t\t\t<div class=\"elementor-element elementor-element-93c5052 elementor-widget elementor-widget-heading\" data-id=\"93c5052\" data-element_type=\"widget\" data-widget_type=\"heading.default\">\n\t\t\t\t<div class=\"elementor-widget-container\">\n\t\t\t\t\t<h1 class=\"elementor-heading-title elementor-size-default\">Conditions G\u00e9n\u00e9rales<\/h1>\t\t\t\t<\/div>\n\t\t\t\t<\/div>\n\t\t\t\t<\/div>\n\t\t<div class=\"elementor-element elementor-element-d431c9a e-flex e-con-boxed e-con e-child\" data-id=\"d431c9a\" data-element_type=\"container\">\n\t\t\t\t\t<div class=\"e-con-inner\">\n\t\t\t\t<div class=\"elementor-element elementor-element-5bd7e7f elementor-widget elementor-widget-text-editor\" data-id=\"5bd7e7f\" data-element_type=\"widget\" data-widget_type=\"text-editor.default\">\n\t\t\t\t<div class=\"elementor-widget-container\">\n\t\t\t\t\t\t\t\t\t<p align=\"center\"><span style=\"font-size: large;\"><span lang=\"en-US\"><b>GENERAL TERMS AND CONDITIONS OF MOVEMENT TRIBE<\/b><\/span><\/span><\/p>\n<p align=\"jcenter\"><span style=\"font-size: large;\"><span lang=\"en-US\">Movement Tribe offers group and individual classes that allow you to explore the principles of &#8220;Movement&#8221; and discover how this discipline can enhance your understanding of your physical abilities while improving your performance.<\/span><\/span><\/p>\n<p align=\"justify\"><span style=\"font-size: large;\"><span lang=\"en-US\"><b>1. Membership with Movement Tribe<\/b><\/span><\/span><\/p>\n<p align=\"justify\"><span style=\"font-size: large;\"><span lang=\"en-US\">To participate in our classes and access our studio, you must subscribe to a membership at Movement Tribe under the following conditions:<\/span><\/span><\/p>\n\n<ul>\n \t<li>\n<p align=\"justify\"><span style=\"font-size: large;\"><span lang=\"en-US\">The membership is for an indefinite duration and can be terminated with one month&#8217;s notice (exceptions: 6-class package, 12-class package, personal training).<\/span><\/span><\/p>\n<\/li>\n \t<li>\n<p align=\"justify\"><span style=\"font-size: large;\"><span lang=\"en-US\">The minimum subscription period is three calendar months.<\/span><\/span><\/p>\n<\/li>\n<\/ul>\n<p align=\"justify\"><span style=\"font-size: large;\"><span lang=\"en-US\"><b>2. Termination of Membership<\/b><\/span><\/span><\/p>\n<p align=\"justify\"><span style=\"font-size: large;\"><span lang=\"en-US\">After the minimum subscription period of three months, you can terminate your membership under the following conditions:<\/span><\/span><\/p>\n\n<ul>\n \t<li>\n<p align=\"justify\"><span style=\"font-size: large;\"><span lang=\"en-US\">Send a written notice of termination (Movement Tribe, Chemin Rieu 1, 1208 Geneva) or by email (info@movementtribe.ch).<\/span><\/span><\/p>\n<\/li>\n \t<li>\n<p align=\"justify\"><span style=\"font-size: large;\"><span lang=\"en-US\">A minimum of 30 days&#8217; notice is required for termination at the end of each calendar month.<\/span><\/span><\/p>\n<\/li>\n \t<li>\n<p align=\"justify\"><span style=\"font-size: large;\"><span lang=\"en-US\">Exceptionally, immediate termination may be requested in the following situations:<\/span><\/span><\/p>\n\n<ul>\n \t<li>\n<p align=\"justify\"><span style=\"font-size: large;\"><span lang=\"en-US\">Presentation of a medical certificate indicating a contraindication to physical activity.<\/span><\/span><\/p>\n<\/li>\n \t<li>\n<p align=\"justify\"><span style=\"font-size: large;\"><span lang=\"en-US\">Proof of relocation more than 100 km from Geneva.<\/span><\/span><\/p>\n<\/li>\n \t<li>\n<p align=\"justify\"><span style=\"font-size: large;\">Job loss.<\/span><\/p>\n<\/li>\n \t<li>\n<p align=\"justify\"><span style=\"font-size: large;\">Military service.<\/span><\/p>\n<\/li>\n<\/ul>\n<\/li>\n<\/ul>\n<p align=\"justify\"><span style=\"font-size: large;\"><b>3. Classes and Personal Training<\/b><\/span><\/p>\n\n<ul>\n \t<li>\n<p align=\"justify\"><span style=\"font-size: large;\"><span lang=\"en-US\">A membership or package with Movement Tribe is required to participate in classes.<\/span><\/span><\/p>\n<\/li>\n \t<li>\n<p align=\"justify\"><span style=\"font-size: large;\"><span lang=\"en-US\">Each class has a maximum number of participants, determined according to the type of class.<\/span><\/span><\/p>\n<\/li>\n \t<li>\n<p align=\"justify\"><span style=\"font-size: large;\"><span lang=\"en-US\">Any class cancellation must be communicated at least 24 hours in advance by phone or in person; otherwise, the class will be charged.<\/span><\/span><\/p>\n<\/li>\n \t<li>\n<p align=\"justify\"><span style=\"font-size: large;\"><span lang=\"en-US\">We reserve the right to modify the class schedule and reduce the number of classes during school holidays.<\/span><\/span><\/p>\n<\/li>\n \t<li>\n<p align=\"justify\"><span style=\"font-size: large;\"><span lang=\"en-US\">Whenever possible, any schedule changes will be communicated one month in advance.<\/span><\/span><\/p>\n<\/li>\n \t<li>\n<p align=\"justify\"><span style=\"font-size: large;\"><span lang=\"en-US\">For monthly memberships of one class per week, it is possible to accumulate up to two classes in case of absence, provided you are an active member to recover these classes.<\/span><\/span><\/p>\n<\/li>\n \t<li>\n<p align=\"justify\"><span style=\"font-size: large;\"><span lang=\"en-US\">You may &#8220;freeze&#8221; your monthly membership for a maximum of two months per year, with 30 days&#8217; notice. <\/span><\/span><span style=\"font-size: large;\">Each frozen month will be charged CHF 45.<\/span><\/p>\n<\/li>\n \t<li>\n<p align=\"justify\"><span style=\"font-size: large;\"><span lang=\"en-US\">Personal training sessions are also available under conditions to be agreed upon.<\/span><\/span><\/p>\n<\/li>\n<\/ul>\n<p align=\"justify\"><span style=\"font-size: large;\"><b>4. Access to the Studio<\/b><\/span><\/p>\n\n<ul>\n \t<li>\n<p align=\"justify\"><span style=\"font-size: large;\"><span lang=\"en-US\">You agree to take care of the facilities and equipment provided and to follow all usage instructions.<\/span><\/span><\/p>\n<\/li>\n<\/ul>\n<p align=\"justify\"><span style=\"font-size: large;\"><span lang=\"en-US\"><b>5. Our Right to Cancel Your Membership<\/b><\/span><\/span><\/p>\n<p align=\"justify\"><span style=\"font-size: large;\"><span lang=\"en-US\">We reserve the right to terminate your membership with immediate effect in the following cases:<\/span><\/span><\/p>\n\n<ul>\n \t<li>\n<p align=\"justify\"><span style=\"font-size: large;\"><span lang=\"en-US\">Rude or abusive behavior towards other members or instructors.<\/span><\/span><\/p>\n<\/li>\n \t<li>\n<p align=\"justify\"><span style=\"font-size: large;\"><span lang=\"en-US\">Adopting or threatening a violent or aggressive attitude.<\/span><\/span><\/p>\n<\/li>\n \t<li>\n<p align=\"justify\"><span style=\"font-size: large;\"><span lang=\"en-US\">Repeated violation of the general terms and conditions of Movement Tribe, particularly the rules for using the facilities and equipment. In such cases, the notice month will still be due.<\/span><\/span><\/p>\n<\/li>\n<\/ul>\n<p align=\"justify\"><span style=\"font-size: large;\"><span lang=\"en-US\"><b>6. Right to Image<\/b><\/span><\/span><\/p>\n<p align=\"justify\"><span style=\"font-size: large;\"><span lang=\"en-US\">By accepting these general terms and conditions and becoming a member of Movement Tribe, you consent to having your image captured in the form of photos or videos during classes and events organized by Movement Tribe. These images and videos may be used for promotional, communication, and marketing purposes, including but not limited to our website, social media, and other promotional materials.<\/span><\/span><\/p>\n\n<ul>\n \t<li>\n<p align=\"justify\"><span style=\"font-size: large;\"><span lang=\"en-US\">If you do not wish to appear in these images or videos, please inform a team member before the start of each session or event.<\/span><\/span><\/p>\n<\/li>\n \t<li>\n<p align=\"justify\"><span style=\"font-size: large;\"><span lang=\"en-US\">Movement Tribe is committed to respecting your privacy and will not use your image for purposes other than those described without your explicit consent.<\/span><\/span><\/p>\n<\/li>\n<\/ul>\n<p align=\"justify\"><span style=\"font-size: large;\"><span lang=\"en-US\"><b>7. Liability and Safety<\/b><\/span><\/span><\/p>\n<p align=\"justify\"><span style=\"font-size: large;\"><span lang=\"en-US\">You participate in the classes and use the facilities of Movement Tribe at your own risk. We encourage you to consult a healthcare professional before starting any physical activity. You agree to inform the instructor of any health problems or injuries that may affect your participation in the classes. Movement Tribe cannot be held responsible for any injuries or accidents occurring during sports practice, except in cases of gross negligence on our part.<\/span><\/span><\/p>\n<p align=\"justify\"><span style=\"font-size: large;\"><span lang=\"en-US\"><b>8. Protection of Personal Data<\/b><\/span><\/span><\/p>\n<p align=\"justify\"><span style=\"font-size: large;\"><span lang=\"en-US\">Your personal data is collected and processed by Movement Tribe in compliance with the current regulations on data protection. They are used exclusively for managing your membership, billing, and communication with you. Your data will not be shared with third parties without your prior consent unless required by law.<\/span><\/span><\/p>\n<p align=\"justify\"><span style=\"font-size: large;\"><span lang=\"en-US\"><b>9. Changes to the General Terms and Conditions<\/b><\/span><\/span><\/p>\n<p align=\"justify\"><span style=\"font-size: large;\"><span lang=\"en-US\">Movement Tribe reserves the right to modify these general terms and conditions at any time. Any changes will be communicated to members by email or posted in the studio. The changes will take effect one month after their notification.<\/span><\/span><\/p>\t\t\t\t\t\t\t\t<\/div>\n\t\t\t\t<\/div>\n\t\t\t\t\t<\/div>\n\t\t\t\t<\/div>\n\t\t\t\t<\/div>\n\t\t\t\t<\/div>\n\t\t","protected":false},"excerpt":{"rendered":"<p>Conditions G\u00e9n\u00e9rales GENERAL TERMS AND CONDITIONS OF MOVEMENT TRIBE Movement Tribe offers group and individual classes that allow you to explore the principles of &#8220;Movement&#8221; and discover how this discipline can enhance your understanding of your physical abilities while improving your performance. 1. Membership with Movement Tribe To participate in our classes and access our [&hellip;]<\/p>\n","protected":false},"author":181,"featured_media":0,"parent":0,"menu_order":0,"comment_status":"closed","ping_status":"closed","template":"elementor_header_footer","meta":{"_acf_changed":false,"footnotes":""},"class_list":["post-19892","page","type-page","status-publish","hentry"],"acf":[],"yoast_head":"<!-- This site is optimized with the Yoast SEO plugin v25.7 - https:\/\/yoast.com\/wordpress\/plugins\/seo\/ -->\n<title>Terms and Conditions - MOVEMENT TRIBE GENEVA<\/title>\n<meta name=\"robots\" content=\"index, follow, max-snippet:-1, max-image-preview:large, max-video-preview:-1\" \/>\n<link rel=\"canonical\" href=\"https:\/\/www.movementtribe.ch\/conditions-generales\/\" \/>\n<meta property=\"og:locale\" content=\"en_US\" \/>\n<meta property=\"og:type\" content=\"article\" \/>\n<meta property=\"og:title\" content=\"Terms and Conditions - MOVEMENT TRIBE GENEVA\" \/>\n<meta property=\"og:description\" content=\"Conditions G\u00e9n\u00e9rales GENERAL TERMS AND CONDITIONS OF MOVEMENT TRIBE Movement Tribe offers group and individual classes that allow you to explore the principles of &#8220;Movement&#8221; and discover how this discipline can enhance your understanding of your physical abilities while improving your performance. 1. Membership with Movement Tribe To participate in our classes and access our [&hellip;]\" \/>\n<meta property=\"og:url\" content=\"https:\/\/www.movementtribe.ch\/conditions-generales\/\" \/>\n<meta property=\"og:site_name\" content=\"MOVEMENT TRIBE GENEVA\" \/>\n<meta property=\"article:modified_time\" content=\"2024-09-11T14:53:26+00:00\" \/>\n<meta name=\"twitter:card\" content=\"summary_large_image\" \/>\n<meta name=\"twitter:label1\" content=\"Est. reading time\" \/>\n\t<meta name=\"twitter:data1\" content=\"4 minutes\" \/>\n<script type=\"application\/ld+json\" class=\"yoast-schema-graph\">{\"@context\":\"https:\/\/schema.org\",\"@graph\":[{\"@type\":\"WebPage\",\"@id\":\"https:\/\/www.movementtribe.ch\/conditions-generales\/\",\"url\":\"https:\/\/www.movementtribe.ch\/conditions-generales\/\",\"name\":\"Terms and Conditions - MOVEMENT TRIBE GENEVA\",\"isPartOf\":{\"@id\":\"https:\/\/www.movementtribe.ch\/#website\"},\"datePublished\":\"2024-09-11T14:51:32+00:00\",\"dateModified\":\"2024-09-11T14:53:26+00:00\",\"breadcrumb\":{\"@id\":\"https:\/\/www.movementtribe.ch\/conditions-generales\/#breadcrumb\"},\"inLanguage\":\"en-US\",\"potentialAction\":[{\"@type\":\"ReadAction\",\"target\":[\"https:\/\/www.movementtribe.ch\/conditions-generales\/\"]}]},{\"@type\":\"BreadcrumbList\",\"@id\":\"https:\/\/www.movementtribe.ch\/conditions-generales\/#breadcrumb\",\"itemListElement\":[{\"@type\":\"ListItem\",\"position\":1,\"name\":\"Home\",\"item\":\"https:\/\/www.movementtribe.ch\/\"},{\"@type\":\"ListItem\",\"position\":2,\"name\":\"Terms and Conditions\"}]},{\"@type\":\"WebSite\",\"@id\":\"https:\/\/www.movementtribe.ch\/#website\",\"url\":\"https:\/\/www.movementtribe.ch\/\",\"name\":\"MOVEMENT TRIBE GENEVA\",\"description\":\"Movement Tribe Geneva propose des cours de gymnastique, handstand, mobilit\u00e9, floorwork, old school training et seniors. D\u00e9veloppez force, souplesse et libert\u00e9 de mouvement dans un cadre motivant \u00e0 Gen\u00e8ve.\",\"publisher\":{\"@id\":\"https:\/\/www.movementtribe.ch\/#organization\"},\"potentialAction\":[{\"@type\":\"SearchAction\",\"target\":{\"@type\":\"EntryPoint\",\"urlTemplate\":\"https:\/\/www.movementtribe.ch\/?s={search_term_string}\"},\"query-input\":{\"@type\":\"PropertyValueSpecification\",\"valueRequired\":true,\"valueName\":\"search_term_string\"}}],\"inLanguage\":\"en-US\"},{\"@type\":\"Organization\",\"@id\":\"https:\/\/www.movementtribe.ch\/#organization\",\"name\":\"MOVEMENT TRIBE GENEVA\",\"url\":\"https:\/\/www.movementtribe.ch\/\",\"logo\":{\"@type\":\"ImageObject\",\"inLanguage\":\"en-US\",\"@id\":\"https:\/\/www.movementtribe.ch\/#\/schema\/logo\/image\/\",\"url\":\"https:\/\/www.movementtribe.ch\/wp-content\/uploads\/2025\/08\/LOGO.webp\",\"contentUrl\":\"https:\/\/www.movementtribe.ch\/wp-content\/uploads\/2025\/08\/LOGO.webp\",\"width\":678,\"height\":678,\"caption\":\"MOVEMENT TRIBE GENEVA\"},\"image\":{\"@id\":\"https:\/\/www.movementtribe.ch\/#\/schema\/logo\/image\/\"}}]}<\/script>\n<!-- \/ Yoast SEO plugin. -->","yoast_head_json":{"title":"Terms and Conditions - MOVEMENT TRIBE GENEVA","robots":{"index":"index","follow":"follow","max-snippet":"max-snippet:-1","max-image-preview":"max-image-preview:large","max-video-preview":"max-video-preview:-1"},"canonical":"https:\/\/www.movementtribe.ch\/conditions-generales\/","og_locale":"en_US","og_type":"article","og_title":"Terms and Conditions - MOVEMENT TRIBE GENEVA","og_description":"Conditions G\u00e9n\u00e9rales GENERAL TERMS AND CONDITIONS OF MOVEMENT TRIBE Movement Tribe offers group and individual classes that allow you to explore the principles of &#8220;Movement&#8221; and discover how this discipline can enhance your understanding of your physical abilities while improving your performance. 1. Membership with Movement Tribe To participate in our classes and access our [&hellip;]","og_url":"https:\/\/www.movementtribe.ch\/conditions-generales\/","og_site_name":"MOVEMENT TRIBE GENEVA","article_modified_time":"2024-09-11T14:53:26+00:00","twitter_card":"summary_large_image","twitter_misc":{"Est. reading time":"4 minutes"},"schema":{"@context":"https:\/\/schema.org","@graph":[{"@type":"WebPage","@id":"https:\/\/www.movementtribe.ch\/conditions-generales\/","url":"https:\/\/www.movementtribe.ch\/conditions-generales\/","name":"Terms and Conditions - MOVEMENT TRIBE GENEVA","isPartOf":{"@id":"https:\/\/www.movementtribe.ch\/#website"},"datePublished":"2024-09-11T14:51:32+00:00","dateModified":"2024-09-11T14:53:26+00:00","breadcrumb":{"@id":"https:\/\/www.movementtribe.ch\/conditions-generales\/#breadcrumb"},"inLanguage":"en-US","potentialAction":[{"@type":"ReadAction","target":["https:\/\/www.movementtribe.ch\/conditions-generales\/"]}]},{"@type":"BreadcrumbList","@id":"https:\/\/www.movementtribe.ch\/conditions-generales\/#breadcrumb","itemListElement":[{"@type":"ListItem","position":1,"name":"Home","item":"https:\/\/www.movementtribe.ch\/"},{"@type":"ListItem","position":2,"name":"Terms and Conditions"}]},{"@type":"WebSite","@id":"https:\/\/www.movementtribe.ch\/#website","url":"https:\/\/www.movementtribe.ch\/","name":"MOVEMENT TRIBE GENEVA","description":"Movement Tribe Geneva propose des cours de gymnastique, handstand, mobilit\u00e9, floorwork, old school training et seniors. D\u00e9veloppez force, souplesse et libert\u00e9 de mouvement dans un cadre motivant \u00e0 Gen\u00e8ve.","publisher":{"@id":"https:\/\/www.movementtribe.ch\/#organization"},"potentialAction":[{"@type":"SearchAction","target":{"@type":"EntryPoint","urlTemplate":"https:\/\/www.movementtribe.ch\/?s={search_term_string}"},"query-input":{"@type":"PropertyValueSpecification","valueRequired":true,"valueName":"search_term_string"}}],"inLanguage":"en-US"},{"@type":"Organization","@id":"https:\/\/www.movementtribe.ch\/#organization","name":"MOVEMENT TRIBE GENEVA","url":"https:\/\/www.movementtribe.ch\/","logo":{"@type":"ImageObject","inLanguage":"en-US","@id":"https:\/\/www.movementtribe.ch\/#\/schema\/logo\/image\/","url":"https:\/\/www.movementtribe.ch\/wp-content\/uploads\/2025\/08\/LOGO.webp","contentUrl":"https:\/\/www.movementtribe.ch\/wp-content\/uploads\/2025\/08\/LOGO.webp","width":678,"height":678,"caption":"MOVEMENT TRIBE GENEVA"},"image":{"@id":"https:\/\/www.movementtribe.ch\/#\/schema\/logo\/image\/"}}]}},"_links":{"self":[{"href":"https:\/\/www.movementtribe.ch\/en\/wp-json\/wp\/v2\/pages\/19892","targetHints":{"allow":["GET"]}}],"collection":[{"href":"https:\/\/www.movementtribe.ch\/en\/wp-json\/wp\/v2\/pages"}],"about":[{"href":"https:\/\/www.movementtribe.ch\/en\/wp-json\/wp\/v2\/types\/page"}],"author":[{"embeddable":true,"href":"https:\/\/www.movementtribe.ch\/en\/wp-json\/wp\/v2\/users\/181"}],"replies":[{"embeddable":true,"href":"https:\/\/www.movementtribe.ch\/en\/wp-json\/wp\/v2\/comments?post=19892"}],"version-history":[{"count":6,"href":"https:\/\/www.movementtribe.ch\/en\/wp-json\/wp\/v2\/pages\/19892\/revisions"}],"predecessor-version":[{"id":19898,"href":"https:\/\/www.movementtribe.ch\/en\/wp-json\/wp\/v2\/pages\/19892\/revisions\/19898"}],"wp:attachment":[{"href":"https:\/\/www.movementtribe.ch\/en\/wp-json\/wp\/v2\/media?parent=19892"}],"curies":[{"name":"wp","href":"https:\/\/api.w.org\/{rel}","templated":true}]}}